{"id":36,"date":"2017-10-25T23:48:26","date_gmt":"2017-10-25T21:48:26","guid":{"rendered":"http:\/\/lepouldu.bzh\/?page_id=36"},"modified":"2026-01-20T19:14:28","modified_gmt":"2026-01-20T18:14:28","slug":"a-voir","status":"publish","type":"page","link":"https:\/\/lepouldu.bzh\/index.php\/a-voir\/","title":{"rendered":"A voir"},"content":{"rendered":"<p><a href=\"http:\/\/www.parcanimalierduquinquis.com\/\" target=\"_blank\" rel=\"noopener\">Le parc animalier du Quinquis (Clohars Carnoet)<\/a><\/p>\n<p><a href=\"http:\/\/www.clohars-carnoet.fr\/\" target=\"_blank\" rel=\"noopener\">Office du Tourisme \u00ab\u00a0Le pouldu\u00a0\u00bb<\/a><\/p>\n<p><a href=\"https:\/\/www.dailymotion.com\/video\/x6gy578\" target=\"_blank\" rel=\"noopener\">St Maurice avec drone<\/a><\/p>\n<p><a href=\"http:\/\/abbayesaintmaurice.blogspot.fr\/\" target=\"_blank\" rel=\"noopener\">site abbatial de st Maurice Clohars Carnoet<\/a><\/p>\n<p>Le festival <a href=\"https:\/\/www.festival-interceltique.bzh\/\" target=\"_blank\" rel=\"noopener\">interceltique<\/a> de Lorient<\/p>\n<p><a href=\"https:\/\/www.laita-croisieres.fr\/\" target=\"_blank\" rel=\"noopener\">Bac Passage de la La\u00efta Port Le Pouldu-Guidel Plage et d\u00e9couverte de La La\u00efta en bateau<\/a><\/p>\n<p>l<a href=\"https:\/\/www.quimperle-lesrias.bzh\/\" target=\"_blank\" rel=\"noopener\">oisirs dans la r\u00e9gion de Quimperl\u00e9<\/a><\/p>\n<p><a href=\"https:\/\/www.tourismebretagne.com\/destinations\/les-departements\/finistere\/\" target=\"_blank\" rel=\"noopener\">loisirs dans le finist\u00e8re<\/a><\/p>\n<p><img loading=\"lazy\" decoding=\"async\" class=\"wp-image-51 size-full alignright\" src=\"http:\/\/lepouldu.bzh\/wp-content\/uploads\/2017\/10\/chemin-des-peintres.jpg\" alt=\"\" width=\"794\" height=\"1123\" srcset=\"https:\/\/lepouldu.bzh\/wp-content\/uploads\/2017\/10\/chemin-des-peintres.jpg 794w, https:\/\/lepouldu.bzh\/wp-content\/uploads\/2017\/10\/chemin-des-peintres-212x300.jpg 212w, https:\/\/lepouldu.bzh\/wp-content\/uploads\/2017\/10\/chemin-des-peintres-768x1086.jpg 768w, https:\/\/lepouldu.bzh\/wp-content\/uploads\/2017\/10\/chemin-des-peintres-724x1024.jpg 724w\" sizes=\"auto, (max-width: 767px) 89vw, (max-width: 1000px) 54vw, (max-width: 1071px) 543px, 580px\" \/><\/p>\n<p><a href=\"http:\/\/www.loisirs-en-finistere.com\/bertheaume-iroise-aventure\">Do\u00e9lan<\/a><\/p>\n<p><a href=\"http:\/\/www.loisirs-en-finistere.com\/bertheaume-iroise-aventure\"><img loading=\"lazy\" decoding=\"async\" class=\"size-full wp-image-126 alignleft\" src=\"http:\/\/lepouldu.bzh\/wp-content\/uploads\/2017\/10\/doelan.jpg\" alt=\"\" width=\"720\" height=\"540\" srcset=\"https:\/\/lepouldu.bzh\/wp-content\/uploads\/2017\/10\/doelan.jpg 720w, https:\/\/lepouldu.bzh\/wp-content\/uploads\/2017\/10\/doelan-300x225.jpg 300w\" sizes=\"auto, (max-width: 720px) 100vw, 720px\" \/><\/a><\/p>\n<p><a href=\"http:\/\/www.quimperle-terreoceane.com\/offre\/sejournez\/activites\/visites\/maison-musee-du-pouldu-sur-les-traces-de-gauguin-clohars-carnoet\/\">La maison mus\u00e9e \u00a0\u00bb la buvette de la plage\u00a0\u00bb<\/a><\/p>\n<p><img loading=\"lazy\" decoding=\"async\" class=\"alignnone wp-image-143 size-full\" src=\"http:\/\/lepouldu.bzh\/wp-content\/uploads\/2017\/10\/P2620002.jpg\" alt=\"\" width=\"5472\" height=\"3648\" srcset=\"https:\/\/lepouldu.bzh\/wp-content\/uploads\/2017\/10\/P2620002.jpg 5472w, https:\/\/lepouldu.bzh\/wp-content\/uploads\/2017\/10\/P2620002-300x200.jpg 300w, https:\/\/lepouldu.bzh\/wp-content\/uploads\/2017\/10\/P2620002-768x512.jpg 768w\" sizes=\"auto, (max-width: 767px) 89vw, (max-width: 1000px) 54vw, (max-width: 1071px) 543px, 580px\" \/><\/p>\n<p><img loading=\"lazy\" decoding=\"async\" class=\"alignnone size-full wp-image-59\" src=\"http:\/\/lepouldu.bzh\/wp-content\/uploads\/2017\/10\/IMG_5311-mus\u00e9e-du-Pouldu.jpg\" alt=\"\" width=\"4752\" height=\"3168\" srcset=\"https:\/\/lepouldu.bzh\/wp-content\/uploads\/2017\/10\/IMG_5311-mus\u00e9e-du-Pouldu.jpg 4752w, https:\/\/lepouldu.bzh\/wp-content\/uploads\/2017\/10\/IMG_5311-mus\u00e9e-du-Pouldu-300x200.jpg 300w, https:\/\/lepouldu.bzh\/wp-content\/uploads\/2017\/10\/IMG_5311-mus\u00e9e-du-Pouldu-768x512.jpg 768w, https:\/\/lepouldu.bzh\/wp-content\/uploads\/2017\/10\/IMG_5311-mus\u00e9e-du-Pouldu-1024x683.jpg 1024w\" sizes=\"auto, (max-width: 767px) 89vw, (max-width: 1000px) 54vw, (max-width: 1071px) 543px, 580px\" \/><\/p>\n<p><span style=\"color: #00ccff;\">Le golfe du Morbihan<\/span><\/p>\n<p><img loading=\"lazy\" decoding=\"async\" class=\"alignnone size-full wp-image-471\" src=\"http:\/\/lepouldu.bzh\/wp-content\/uploads\/2020\/08\/P2640859-scaled.jpg\" alt=\"\" width=\"2560\" height=\"1707\" srcset=\"https:\/\/lepouldu.bzh\/wp-content\/uploads\/2020\/08\/P2640859-scaled.jpg 2560w, https:\/\/lepouldu.bzh\/wp-content\/uploads\/2020\/08\/P2640859-300x200.jpg 300w, https:\/\/lepouldu.bzh\/wp-content\/uploads\/2020\/08\/P2640859-768x512.jpg 768w, https:\/\/lepouldu.bzh\/wp-content\/uploads\/2020\/08\/P2640859-1536x1024.jpg 1536w, https:\/\/lepouldu.bzh\/wp-content\/uploads\/2020\/08\/P2640859-2048x1365.jpg 2048w\" sizes=\"auto, (max-width: 767px) 89vw, (max-width: 1000px) 54vw, (max-width: 1071px) 543px, 580px\" \/><\/p>\n","protected":false},"excerpt":{"rendered":"<p>Le parc animalier du Quinquis (Clohars Carnoet) Office du Tourisme \u00ab\u00a0Le pouldu\u00a0\u00bb St Maurice avec drone site abbatial de st Maurice Clohars Carnoet Le festival interceltique de Lorient Bac Passage de la La\u00efta Port Le Pouldu-Guidel Plage et d\u00e9couverte de La La\u00efta en bateau loisirs dans la r\u00e9gion de Quimperl\u00e9 loisirs dans le finist\u00e8re Do\u00e9lan &hellip; <\/p>\n<p class=\"link-more\"><a href=\"https:\/\/lepouldu.bzh\/index.php\/a-voir\/\" class=\"more-link\">Continuer la lecture<span class=\"screen-reader-text\"> de &laquo;&nbsp;A voir&nbsp;&raquo;<\/span><\/a><\/p>\n","protected":false},"author":2,"featured_media":0,"parent":0,"menu_order":0,"comment_status":"closed","ping_status":"closed","template":"","meta":{"footnotes":""},"class_list":["post-36","page","type-page","status-publish","hentry"],"_links":{"self":[{"href":"https:\/\/lepouldu.bzh\/index.php\/wp-json\/wp\/v2\/pages\/36","targetHints":{"allow":["GET"]}}],"collection":[{"href":"https:\/\/lepouldu.bzh\/index.php\/wp-json\/wp\/v2\/pages"}],"about":[{"href":"https:\/\/lepouldu.bzh\/index.php\/wp-json\/wp\/v2\/types\/page"}],"author":[{"embeddable":true,"href":"https:\/\/lepouldu.bzh\/index.php\/wp-json\/wp\/v2\/users\/2"}],"replies":[{"embeddable":true,"href":"https:\/\/lepouldu.bzh\/index.php\/wp-json\/wp\/v2\/comments?post=36"}],"version-history":[{"count":39,"href":"https:\/\/lepouldu.bzh\/index.php\/wp-json\/wp\/v2\/pages\/36\/revisions"}],"predecessor-version":[{"id":572,"href":"https:\/\/lepouldu.bzh\/index.php\/wp-json\/wp\/v2\/pages\/36\/revisions\/572"}],"wp:attachment":[{"href":"https:\/\/lepouldu.bzh\/index.php\/wp-json\/wp\/v2\/media?parent=36"}],"curies":[{"name":"wp","href":"https:\/\/api.w.org\/{rel}","templated":true}]}}