{"id":201,"date":"2017-11-08T00:28:36","date_gmt":"2017-11-07T23:28:36","guid":{"rendered":"http:\/\/lepouldu.bzh\/?page_id=201"},"modified":"2023-07-24T09:28:37","modified_gmt":"2023-07-24T07:28:37","slug":"tarifs-disponibilite","status":"publish","type":"page","link":"https:\/\/lepouldu.bzh\/index.php\/tarifs-disponibilite\/","title":{"rendered":"tarifs &#8211; disponibilit\u00e9"},"content":{"rendered":"<h1><\/h1>\n<h1><\/h1>\n<h1>Tarifs de nos locations de vacances<\/h1>\n<p>Voici les Tarifs pour votre location en bord de mer en Bretagne.<br \/>\nR\u00e9server directement sur le site\u00a0 Abritel\u00a0 location 594364<\/p>\n<p><em>1 semaine : Arriv\u00e9e \u00e0 partir de 16h. D\u00e9part : 10h<\/em><\/p>\n<h2>Tarifs \u00e0 la semaine<\/h2>\n<table class=\"table hidden-xs\" style=\"height: 781px;\" width=\"541\">\n<thead>\n<tr>\n<td><\/td>\n<td><\/td>\n<\/tr>\n<\/thead>\n<tbody>\n<tr>\n<td>\n<div class=\"dates-title\"><\/div>\n<div class=\"changeover-title\"><\/div>\n<\/td>\n<td><\/td>\n<td>&#8211;<\/td>\n<td>&#8211;<\/td>\n<td><\/td>\n<td>&#8211;<\/td>\n<td><\/td>\n<\/tr>\n<tr>\n<td>\n<div class=\"dates-title\"><\/div>\n<div class=\"name-title\"><\/div>\n<div class=\"changeover-title\"><\/div>\n<\/td>\n<td><\/td>\n<td>&#8211;<\/td>\n<td>&#8211;<\/td>\n<td><\/td>\n<td>&#8211;<\/td>\n<td><\/td>\n<\/tr>\n<tr>\n<td>\n<div class=\"dates-title\">15 Avril -03 Juin2023<\/div>\n<div class=\"name-title\">moyenne saison<\/div>\n<div class=\"changeover-title\"><\/div>\n<\/td>\n<td><\/td>\n<td>&#8211;<\/td>\n<td>&#8211;<\/td>\n<td>420\u20ac<\/td>\n<td>&#8211;<\/td>\n<td><\/td>\n<\/tr>\n<tr>\n<td>\n<div class=\"dates-title\">3 Juin &#8211; 01 Juillet 2023<\/div>\n<div class=\"name-title\">haute saison<\/div>\n<div class=\"changeover-title\"><\/div>\n<\/td>\n<td><\/td>\n<td>&#8211;<\/td>\n<td>&#8211;<\/td>\n<td>455\u20ac<\/td>\n<td>&#8211;<\/td>\n<td><\/td>\n<\/tr>\n<tr>\n<td>\n<div class=\"dates-title\">01 Juillet &#8211; 26 Ao\u00fbt 2023<\/div>\n<div class=\"name-title\">tr\u00e8s haute saison<\/div>\n<div class=\"changeover-title\"><\/div>\n<\/td>\n<td><\/td>\n<td>&#8211;<\/td>\n<td>&#8211;<\/td>\n<td>595\u20ac<\/td>\n<td>&#8211;<\/td>\n<td><\/td>\n<\/tr>\n<tr>\n<td>\n<div class=\"dates-title\">26 ao\u00fbt &#8211; 30 septembre\u00a0 2023<\/div>\n<div class=\"name-title\">haute saison<\/div>\n<div class=\"changeover-title\"><\/div>\n<\/td>\n<td><\/td>\n<td>&#8211;<\/td>\n<td>&#8211;<\/td>\n<td>455\u20ac<\/td>\n<td>&#8211;<\/td>\n<td><\/td>\n<\/tr>\n<tr>\n<td>\n<div class=\"dates-title\">30 sept. &#8211; 04 novembre 2023<\/div>\n<div class=\"name-title\">moyenne saison<\/div>\n<div class=\"changeover-title\"><\/div>\n<\/td>\n<td><\/td>\n<td>&#8211;<\/td>\n<td>&#8211;<\/td>\n<td>420\u20ac<\/td>\n<td>&#8211;<\/td>\n<td><\/td>\n<\/tr>\n<tr>\n<td>\n<div class=\"dates-title\">04 novembre &#8211; 16 d\u00e9c. 2023<\/div>\n<div class=\"name-title\">basse saison<\/div>\n<div class=\"changeover-title\"><\/div>\n<\/td>\n<td><\/td>\n<td>&#8211;<\/td>\n<td>&#8211;<\/td>\n<td>371\u20ac<\/td>\n<td>&#8211;<\/td>\n<td><\/td>\n<\/tr>\n<\/tbody>\n<\/table>\n<div>Les prix comprennent<\/div>\n<ul>\n<li>La piscine ext\u00e9rieure et pataugeoire \u00a0 \u00a0 \u00a0 \u00a0\u00a0\u00a0 (ouverte du 15\/06 au 15\/09)<\/li>\n<li>Kit b\u00e9b\u00e9 incluant lit, petite baignoire et chaise haute<\/li>\n<\/ul>\n<h3><\/h3>\n<h3>Les prix ne comprennent pas<\/h3>\n<ul>\n<li>La taxe de s\u00e9jour<\/li>\n<li>Les draps<\/li>\n<\/ul>\n<h3><\/h3>\n<h3><\/h3>\n","protected":false},"excerpt":{"rendered":"<p>Tarifs de nos locations de vacances Voici les Tarifs pour votre location en bord de mer en Bretagne. R\u00e9server directement sur le site\u00a0 Abritel\u00a0 location 594364 1 semaine : Arriv\u00e9e \u00e0 partir de 16h. D\u00e9part : 10h Tarifs \u00e0 la semaine &#8211; &#8211; &#8211; &#8211; &#8211; &#8211; 15 Avril -03 Juin2023 moyenne saison &#8211; &#8211; &hellip; <\/p>\n<p class=\"link-more\"><a href=\"https:\/\/lepouldu.bzh\/index.php\/tarifs-disponibilite\/\" class=\"more-link\">Continuer la lecture<span class=\"screen-reader-text\"> de &laquo;&nbsp;tarifs &#8211; disponibilit\u00e9&nbsp;&raquo;<\/span><\/a><\/p>\n","protected":false},"author":2,"featured_media":0,"parent":0,"menu_order":0,"comment_status":"closed","ping_status":"closed","template":"","meta":{"footnotes":""},"class_list":["post-201","page","type-page","status-publish","hentry"],"_links":{"self":[{"href":"https:\/\/lepouldu.bzh\/index.php\/wp-json\/wp\/v2\/pages\/201","targetHints":{"allow":["GET"]}}],"collection":[{"href":"https:\/\/lepouldu.bzh\/index.php\/wp-json\/wp\/v2\/pages"}],"about":[{"href":"https:\/\/lepouldu.bzh\/index.php\/wp-json\/wp\/v2\/types\/page"}],"author":[{"embeddable":true,"href":"https:\/\/lepouldu.bzh\/index.php\/wp-json\/wp\/v2\/users\/2"}],"replies":[{"embeddable":true,"href":"https:\/\/lepouldu.bzh\/index.php\/wp-json\/wp\/v2\/comments?post=201"}],"version-history":[{"count":16,"href":"https:\/\/lepouldu.bzh\/index.php\/wp-json\/wp\/v2\/pages\/201\/revisions"}],"predecessor-version":[{"id":494,"href":"https:\/\/lepouldu.bzh\/index.php\/wp-json\/wp\/v2\/pages\/201\/revisions\/494"}],"wp:attachment":[{"href":"https:\/\/lepouldu.bzh\/index.php\/wp-json\/wp\/v2\/media?parent=201"}],"curies":[{"name":"wp","href":"https:\/\/api.w.org\/{rel}","templated":true}]}}