{"id":131,"date":"2017-10-28T00:34:35","date_gmt":"2017-10-27T22:34:35","guid":{"rendered":"http:\/\/lepouldu.bzh\/?page_id=131"},"modified":"2026-01-20T18:09:42","modified_gmt":"2026-01-20T17:09:42","slug":"la-maison-de-vacances","status":"publish","type":"page","link":"https:\/\/lepouldu.bzh\/index.php\/la-maison-de-vacances\/","title":{"rendered":"La maison de vacances"},"content":{"rendered":"<p><img loading=\"lazy\" decoding=\"async\" class=\"alignnone wp-image-563 size-full\" src=\"http:\/\/lepouldu.bzh\/wp-content\/uploads\/2026\/01\/IMG_20260119_1827001.jpg\" alt=\"\" width=\"1280\" height=\"960\" srcset=\"https:\/\/lepouldu.bzh\/wp-content\/uploads\/2026\/01\/IMG_20260119_1827001.jpg 1280w, https:\/\/lepouldu.bzh\/wp-content\/uploads\/2026\/01\/IMG_20260119_1827001-300x225.jpg 300w, https:\/\/lepouldu.bzh\/wp-content\/uploads\/2026\/01\/IMG_20260119_1827001-768x576.jpg 768w\" sizes=\"auto, (max-width: 767px) 89vw, (max-width: 1000px) 54vw, (max-width: 1071px) 543px, 580px\" \/>LES EQUIPEMENTS:<br \/>\nMaison \u00e0 2 niveaux expos\u00e9e Sud.<br \/>\nAu RDC: Une pi\u00e8ce principale avec coin salon (BZ transformable en lit 140,TV \u00e9cran plat, quelques livres et DVD&#8230;)<br \/>\nUn coin cuisine (grand four \u00e9lectrique, plaque de cuisson \u00e0 induction, four micro-onde grill,frigo-cong\u00e9lateur,grille-pain,cafeti\u00e8re, bouilloire, cocotte-minute,vaisselle, divers plats, aspirateur..(une liste compl\u00e8te peut vous \u00eatre fournie)<\/p>\n<p><img loading=\"lazy\" decoding=\"async\" class=\"alignnone size-full wp-image-566\" src=\"http:\/\/lepouldu.bzh\/wp-content\/uploads\/2026\/01\/P2740563-scaled.jpg\" alt=\"\" width=\"2560\" height=\"1707\" srcset=\"https:\/\/lepouldu.bzh\/wp-content\/uploads\/2026\/01\/P2740563-scaled.jpg 2560w, https:\/\/lepouldu.bzh\/wp-content\/uploads\/2026\/01\/P2740563-300x200.jpg 300w, https:\/\/lepouldu.bzh\/wp-content\/uploads\/2026\/01\/P2740563-768x512.jpg 768w, https:\/\/lepouldu.bzh\/wp-content\/uploads\/2026\/01\/P2740563-1536x1024.jpg 1536w, https:\/\/lepouldu.bzh\/wp-content\/uploads\/2026\/01\/P2740563-2048x1365.jpg 2048w\" sizes=\"auto, (max-width: 767px) 89vw, (max-width: 1000px) 54vw, (max-width: 1071px) 543px, 580px\" \/> <img loading=\"lazy\" decoding=\"async\" class=\"alignnone size-full wp-image-567\" src=\"http:\/\/lepouldu.bzh\/wp-content\/uploads\/2026\/01\/P2740568-scaled.jpg\" alt=\"\" width=\"1707\" height=\"2560\" srcset=\"https:\/\/lepouldu.bzh\/wp-content\/uploads\/2026\/01\/P2740568-scaled.jpg 1707w, https:\/\/lepouldu.bzh\/wp-content\/uploads\/2026\/01\/P2740568-200x300.jpg 200w, https:\/\/lepouldu.bzh\/wp-content\/uploads\/2026\/01\/P2740568-768x1152.jpg 768w, https:\/\/lepouldu.bzh\/wp-content\/uploads\/2026\/01\/P2740568-1024x1536.jpg 1024w, https:\/\/lepouldu.bzh\/wp-content\/uploads\/2026\/01\/P2740568-1365x2048.jpg 1365w\" sizes=\"auto, (max-width: 767px) 89vw, (max-width: 1000px) 54vw, (max-width: 1071px) 543px, 580px\" \/> <img loading=\"lazy\" decoding=\"async\" class=\"alignnone size-full wp-image-568\" src=\"http:\/\/lepouldu.bzh\/wp-content\/uploads\/2026\/01\/P2740571-scaled.jpg\" alt=\"\" width=\"1707\" height=\"2560\" srcset=\"https:\/\/lepouldu.bzh\/wp-content\/uploads\/2026\/01\/P2740571-scaled.jpg 1707w, https:\/\/lepouldu.bzh\/wp-content\/uploads\/2026\/01\/P2740571-200x300.jpg 200w, https:\/\/lepouldu.bzh\/wp-content\/uploads\/2026\/01\/P2740571-768x1152.jpg 768w, https:\/\/lepouldu.bzh\/wp-content\/uploads\/2026\/01\/P2740571-1024x1536.jpg 1024w, https:\/\/lepouldu.bzh\/wp-content\/uploads\/2026\/01\/P2740571-1365x2048.jpg 1365w\" sizes=\"auto, (max-width: 767px) 89vw, (max-width: 1000px) 54vw, (max-width: 1071px) 543px, 580px\" \/> <img loading=\"lazy\" decoding=\"async\" class=\"alignnone size-full wp-image-570\" src=\"http:\/\/lepouldu.bzh\/wp-content\/uploads\/2026\/01\/IMG_20260119_183029_edit_21840980893541.jpg\" alt=\"\" width=\"1159\" height=\"796\" srcset=\"https:\/\/lepouldu.bzh\/wp-content\/uploads\/2026\/01\/IMG_20260119_183029_edit_21840980893541.jpg 1159w, https:\/\/lepouldu.bzh\/wp-content\/uploads\/2026\/01\/IMG_20260119_183029_edit_21840980893541-300x206.jpg 300w, https:\/\/lepouldu.bzh\/wp-content\/uploads\/2026\/01\/IMG_20260119_183029_edit_21840980893541-768x527.jpg 768w\" sizes=\"auto, (max-width: 767px) 89vw, (max-width: 1000px) 54vw, (max-width: 1071px) 543px, 580px\" \/><\/p>\n<p>Une salle de bain avec douche, lavabo, wc.<\/p>\n<p>A L&rsquo;ETAGE: 2 chambres s\u00e9par\u00e9es, dont une avec petite vue sur mer, un lit de 160, et l&rsquo;autre: 2lits de 90, un lit de b\u00e9b\u00e9 en bois.<\/p>\n<p><img loading=\"lazy\" decoding=\"async\" class=\"alignnone size-full wp-image-50\" src=\"http:\/\/lepouldu.bzh\/wp-content\/uploads\/2017\/10\/chambre-parents-avec-vue.jpg\" alt=\"\" width=\"4752\" height=\"3168\" srcset=\"https:\/\/lepouldu.bzh\/wp-content\/uploads\/2017\/10\/chambre-parents-avec-vue.jpg 4752w, https:\/\/lepouldu.bzh\/wp-content\/uploads\/2017\/10\/chambre-parents-avec-vue-300x200.jpg 300w, https:\/\/lepouldu.bzh\/wp-content\/uploads\/2017\/10\/chambre-parents-avec-vue-768x512.jpg 768w, https:\/\/lepouldu.bzh\/wp-content\/uploads\/2017\/10\/chambre-parents-avec-vue-1024x683.jpg 1024w\" sizes=\"auto, (max-width: 767px) 89vw, (max-width: 1000px) 54vw, (max-width: 1071px) 543px, 580px\" \/><\/p>\n<p><img loading=\"lazy\" decoding=\"async\" class=\"alignnone size-full wp-image-472\" src=\"http:\/\/lepouldu.bzh\/wp-content\/uploads\/2020\/08\/P2650277-scaled.jpg\" alt=\"\" width=\"2560\" height=\"1707\" srcset=\"https:\/\/lepouldu.bzh\/wp-content\/uploads\/2020\/08\/P2650277-scaled.jpg 2560w, https:\/\/lepouldu.bzh\/wp-content\/uploads\/2020\/08\/P2650277-300x200.jpg 300w, https:\/\/lepouldu.bzh\/wp-content\/uploads\/2020\/08\/P2650277-768x512.jpg 768w, https:\/\/lepouldu.bzh\/wp-content\/uploads\/2020\/08\/P2650277-1536x1024.jpg 1536w, https:\/\/lepouldu.bzh\/wp-content\/uploads\/2020\/08\/P2650277-2048x1365.jpg 2048w\" sizes=\"auto, (max-width: 767px) 89vw, (max-width: 1000px) 54vw, (max-width: 1071px) 543px, 580px\" \/><img loading=\"lazy\" decoding=\"async\" class=\"alignnone size-full wp-image-113\" src=\"http:\/\/lepouldu.bzh\/wp-content\/uploads\/2017\/10\/HPIM0572.jpg\" alt=\"\" width=\"2560\" height=\"1920\" srcset=\"https:\/\/lepouldu.bzh\/wp-content\/uploads\/2017\/10\/HPIM0572.jpg 2560w, https:\/\/lepouldu.bzh\/wp-content\/uploads\/2017\/10\/HPIM0572-300x225.jpg 300w, https:\/\/lepouldu.bzh\/wp-content\/uploads\/2017\/10\/HPIM0572-768x576.jpg 768w\" sizes=\"auto, (max-width: 767px) 89vw, (max-width: 1000px) 54vw, (max-width: 1071px) 543px, 580px\" \/><\/p>\n<p>A L&rsquo; EXTERIEUR: une terrasse privative (salon de jardin,parasol,chaises longues ..), une pelouse de 20m2 clos par une haie et une barri\u00e8re.<br \/>\nUne place de parking ext\u00e9rieur priv\u00e9e.<\/p>\n<p><img loading=\"lazy\" decoding=\"async\" class=\"alignnone size-full wp-image-66\" src=\"http:\/\/lepouldu.bzh\/wp-content\/uploads\/2017\/10\/P2600956.jpg\" alt=\"\" width=\"5472\" height=\"3080\" srcset=\"https:\/\/lepouldu.bzh\/wp-content\/uploads\/2017\/10\/P2600956.jpg 5472w, https:\/\/lepouldu.bzh\/wp-content\/uploads\/2017\/10\/P2600956-300x169.jpg 300w, https:\/\/lepouldu.bzh\/wp-content\/uploads\/2017\/10\/P2600956-768x432.jpg 768w, https:\/\/lepouldu.bzh\/wp-content\/uploads\/2017\/10\/P2600956-1024x576.jpg 1024w\" sizes=\"auto, (max-width: 767px) 89vw, (max-width: 1000px) 54vw, (max-width: 1071px) 543px, 580px\" \/><img loading=\"lazy\" decoding=\"async\" class=\"alignnone size-full wp-image-166\" src=\"http:\/\/lepouldu.bzh\/wp-content\/uploads\/2017\/10\/P2620024.jpg\" alt=\"\" width=\"5472\" height=\"3648\" srcset=\"https:\/\/lepouldu.bzh\/wp-content\/uploads\/2017\/10\/P2620024.jpg 5472w, https:\/\/lepouldu.bzh\/wp-content\/uploads\/2017\/10\/P2620024-300x200.jpg 300w, https:\/\/lepouldu.bzh\/wp-content\/uploads\/2017\/10\/P2620024-768x512.jpg 768w\" sizes=\"auto, (max-width: 767px) 89vw, (max-width: 1000px) 54vw, (max-width: 1071px) 543px, 580px\" \/><\/p>\n","protected":false},"excerpt":{"rendered":"<p>LES EQUIPEMENTS: Maison \u00e0 2 niveaux expos\u00e9e Sud. Au RDC: Une pi\u00e8ce principale avec coin salon (BZ transformable en lit 140,TV \u00e9cran plat, quelques livres et DVD&#8230;) Un coin cuisine (grand four \u00e9lectrique, plaque de cuisson \u00e0 induction, four micro-onde grill,frigo-cong\u00e9lateur,grille-pain,cafeti\u00e8re, bouilloire, cocotte-minute,vaisselle, divers plats, aspirateur..(une liste compl\u00e8te peut vous \u00eatre fournie) Une salle de &hellip; <\/p>\n<p class=\"link-more\"><a href=\"https:\/\/lepouldu.bzh\/index.php\/la-maison-de-vacances\/\" class=\"more-link\">Continuer la lecture<span class=\"screen-reader-text\"> de &laquo;&nbsp;La maison de vacances&nbsp;&raquo;<\/span><\/a><\/p>\n","protected":false},"author":2,"featured_media":0,"parent":0,"menu_order":0,"comment_status":"closed","ping_status":"closed","template":"","meta":{"footnotes":""},"class_list":["post-131","page","type-page","status-publish","hentry"],"_links":{"self":[{"href":"https:\/\/lepouldu.bzh\/index.php\/wp-json\/wp\/v2\/pages\/131","targetHints":{"allow":["GET"]}}],"collection":[{"href":"https:\/\/lepouldu.bzh\/index.php\/wp-json\/wp\/v2\/pages"}],"about":[{"href":"https:\/\/lepouldu.bzh\/index.php\/wp-json\/wp\/v2\/types\/page"}],"author":[{"embeddable":true,"href":"https:\/\/lepouldu.bzh\/index.php\/wp-json\/wp\/v2\/users\/2"}],"replies":[{"embeddable":true,"href":"https:\/\/lepouldu.bzh\/index.php\/wp-json\/wp\/v2\/comments?post=131"}],"version-history":[{"count":10,"href":"https:\/\/lepouldu.bzh\/index.php\/wp-json\/wp\/v2\/pages\/131\/revisions"}],"predecessor-version":[{"id":565,"href":"https:\/\/lepouldu.bzh\/index.php\/wp-json\/wp\/v2\/pages\/131\/revisions\/565"}],"wp:attachment":[{"href":"https:\/\/lepouldu.bzh\/index.php\/wp-json\/wp\/v2\/media?parent=131"}],"curies":[{"name":"wp","href":"https:\/\/api.w.org\/{rel}","templated":true}]}}